{"id":6,"date":"2024-06-05T09:43:35","date_gmt":"2024-06-05T07:43:35","guid":{"rendered":"https:\/\/leyypromesa.es\/?page_id=6"},"modified":"2025-08-21T08:15:49","modified_gmt":"2025-08-21T06:15:49","slug":"acerca-de","status":"publish","type":"page","link":"https:\/\/leyypromesa.es\/?page_id=6","title":{"rendered":"Acerca de"},"content":{"rendered":"\n<div class=\"wp-block-cover alignfull is-light\" style=\"min-height:300px;aspect-ratio:unset;\"><span aria-hidden=\"true\" class=\"wp-block-cover__background has-nv-site-bg-background-color has-background-dim-100 has-background-dim\"><\/span><div class=\"wp-block-cover__inner-container is-layout-flow wp-block-cover-is-layout-flow\">\n<div class=\"wp-block-group\"><div class=\"wp-block-group__inner-container is-layout-flow wp-block-group-is-layout-flow\">\n<h1 class=\"wp-block-heading has-text-align-left has-neve-text-color-color has-text-color\">Sobre mi<\/h1>\n<\/div><\/div>\n<\/div><\/div>\n\n\n\n<div class=\"wp-block-cover alignfull is-light\" style=\"min-height:600px;aspect-ratio:unset;\"><span aria-hidden=\"true\" class=\"wp-block-cover__background has-nv-light-bg-background-color has-background-dim-100 has-background-dim\"><\/span><div class=\"wp-block-cover__inner-container is-layout-flow wp-block-cover-is-layout-flow\">\n<div class=\"wp-block-group\"><div class=\"wp-block-group__inner-container is-layout-flow wp-block-group-is-layout-flow\">\n<div class=\"wp-block-columns is-layout-flex wp-container-core-columns-is-layout-1 wp-block-columns-is-layout-flex\">\n<div class=\"wp-block-column is-vertically-aligned-top is-layout-flow wp-block-column-is-layout-flow\" style=\"flex-basis:50%\">\n<p><\/p>\n\n\n<div class=\"wp-block-image size-large\">\n<figure class=\"alignleft size-full is-resized\"><img loading=\"lazy\" decoding=\"async\" width=\"800\" height=\"450\" src=\"https:\/\/leyypromesa.es\/wp-content\/uploads\/2025\/08\/panoletas-y-nieve-edited.jpg\" alt=\"\" class=\"wp-image-94\" style=\"width:933px;height:auto\" srcset=\"https:\/\/leyypromesa.es\/wp-content\/uploads\/2025\/08\/panoletas-y-nieve-edited.jpg 800w, https:\/\/leyypromesa.es\/wp-content\/uploads\/2025\/08\/panoletas-y-nieve-edited-300x169.jpg 300w, https:\/\/leyypromesa.es\/wp-content\/uploads\/2025\/08\/panoletas-y-nieve-edited-768x432.jpg 768w\" sizes=\"(max-width: 800px) 100vw, 800px\" \/><\/figure><\/div>\n\n\n<p><\/p>\n<\/div>\n\n\n\n<div class=\"wp-block-column is-vertically-aligned-center is-layout-flow wp-block-column-is-layout-flow\" style=\"flex-basis:50%\">\n<h2 class=\"wp-block-heading has-text-align-left has-neve-text-color-color has-text-color\">De donde vengo&#8230;<\/h2>\n\n\n\n<p class=\"has-text-align-center has-neve-text-color-color has-text-color has-link-color wp-elements-6a444b7cf5b47eab6ad481d82d266993\">Tras muchos a\u00f1os en el Escultismo, he podido comprobar que  muchos Scouters no saben trabajar con los ni\u00f1os y j\u00f3venes, lo m\u00e1s valioso que tenemos: nuestra Ley y nuestra Promesa.      A veces, lo primero es conocerlas, cre\u00e9rnoslas y vivirlas.<\/p>\n\n\n\n<p><\/p>\n\n\n\n<h2 class=\"wp-block-heading has-text-align-left has-neve-text-color-color has-text-color\">&#8230; y a donde voy<\/h2>\n\n\n\n<p class=\"has-text-align-center has-neve-text-color-color has-text-color\">Busco ayudar a los Scouters a profundizar en sus valores scouts, porque para poder transmitir estos valores a los dem\u00e1s, primero es fundamental que lo vivamos y nos los creamos. Adem\u00e1s, pretendo proporcionar herramientas y din\u00e1micas que faciliten la reflexi\u00f3n, el compromiso y las acciones de mejora.<\/p>\n<\/div>\n<\/div>\n<\/div><\/div>\n<\/div><\/div>\n\n\n\n<p><\/p>\n","protected":false},"excerpt":{"rendered":"","protected":false},"author":1,"featured_media":0,"parent":0,"menu_order":0,"comment_status":"closed","ping_status":"closed","template":"","meta":{"_monsterinsights_skip_tracking":false,"_monsterinsights_sitenote_active":false,"_monsterinsights_sitenote_note":"","_monsterinsights_sitenote_category":0,"neve_meta_sidebar":"","neve_meta_container":"","neve_meta_enable_content_width":"on","neve_meta_content_width":100,"neve_meta_title_alignment":"","neve_meta_author_avatar":"","neve_post_elements_order":"","neve_meta_disable_header":"","neve_meta_disable_footer":"","neve_meta_disable_title":"on","footnotes":""},"class_list":["post-6","page","type-page","status-publish","hentry"],"aioseo_notices":[],"_links":{"self":[{"href":"https:\/\/leyypromesa.es\/index.php?rest_route=\/wp\/v2\/pages\/6"}],"collection":[{"href":"https:\/\/leyypromesa.es\/index.php?rest_route=\/wp\/v2\/pages"}],"about":[{"href":"https:\/\/leyypromesa.es\/index.php?rest_route=\/wp\/v2\/types\/page"}],"author":[{"embeddable":true,"href":"https:\/\/leyypromesa.es\/index.php?rest_route=\/wp\/v2\/users\/1"}],"replies":[{"embeddable":true,"href":"https:\/\/leyypromesa.es\/index.php?rest_route=%2Fwp%2Fv2%2Fcomments&post=6"}],"version-history":[{"count":18,"href":"https:\/\/leyypromesa.es\/index.php?rest_route=\/wp\/v2\/pages\/6\/revisions"}],"predecessor-version":[{"id":101,"href":"https:\/\/leyypromesa.es\/index.php?rest_route=\/wp\/v2\/pages\/6\/revisions\/101"}],"wp:attachment":[{"href":"https:\/\/leyypromesa.es\/index.php?rest_route=%2Fwp%2Fv2%2Fmedia&parent=6"}],"curies":[{"name":"wp","href":"https:\/\/api.w.org\/{rel}","templated":true}]}}